{"id":547,"date":"2025-03-22T18:13:24","date_gmt":"2025-03-22T18:13:24","guid":{"rendered":"https:\/\/asociacionculturalmalanca.com\/?page_id=547"},"modified":"2025-03-23T08:32:30","modified_gmt":"2025-03-23T08:32:30","slug":"la-casa-de-san-millan","status":"publish","type":"page","link":"https:\/\/asociacionculturalmalanca.com\/?page_id=547","title":{"rendered":"La Casa de San Mill\u00e1n"},"content":{"rendered":"\t\t<div data-elementor-type=\"wp-page\" data-elementor-id=\"547\" class=\"elementor elementor-547\">\n\t\t\t\t<div class=\"elementor-element elementor-element-7d3a0b5d e-flex e-con-boxed e-con e-parent\" data-id=\"7d3a0b5d\" data-element_type=\"container\">\n\t\t\t\t\t<div class=\"e-con-inner\">\n\t\t\t\t<div class=\"elementor-element elementor-element-6f2c8a4 elementor-widget elementor-widget-spacer\" data-id=\"6f2c8a4\" data-element_type=\"widget\" data-widget_type=\"spacer.default\">\n\t\t\t\t<div class=\"elementor-widget-container\">\n\t\t\t\t\t\t\t<div class=\"elementor-spacer\">\n\t\t\t<div class=\"elementor-spacer-inner\"><\/div>\n\t\t<\/div>\n\t\t\t\t\t\t<\/div>\n\t\t\t\t<\/div>\n\t\t\t\t<div class=\"elementor-element elementor-element-430e7b5c elementor-widget elementor-widget-heading\" data-id=\"430e7b5c\" data-element_type=\"widget\" data-widget_type=\"heading.default\">\n\t\t\t\t<div class=\"elementor-widget-container\">\n\t\t\t\t\t<h2 class=\"elementor-heading-title elementor-size-default\">La Casa de San Mill\u00e1n<\/h2>\t\t\t\t<\/div>\n\t\t\t\t<\/div>\n\t\t\t\t<div class=\"elementor-element elementor-element-5a4dd04b elementor-widget elementor-widget-spacer\" data-id=\"5a4dd04b\" data-element_type=\"widget\" data-widget_type=\"spacer.default\">\n\t\t\t\t<div class=\"elementor-widget-container\">\n\t\t\t\t\t\t\t<div class=\"elementor-spacer\">\n\t\t\t<div class=\"elementor-spacer-inner\"><\/div>\n\t\t<\/div>\n\t\t\t\t\t\t<\/div>\n\t\t\t\t<\/div>\n\t\t\t\t<div class=\"elementor-element elementor-element-193b42d elementor-widget elementor-widget-image\" data-id=\"193b42d\" data-element_type=\"widget\" data-widget_type=\"image.default\">\n\t\t\t\t<div class=\"elementor-widget-container\">\n\t\t\t\t\t\t\t\t\t\t\t\t\t\t\t<img fetchpriority=\"high\" decoding=\"async\" width=\"960\" height=\"472\" src=\"https:\/\/asociacionculturalmalanca.com\/wp-content\/uploads\/2024\/11\/Casa-de-San-Millan.jpg\" class=\"attachment-large size-large wp-image-348\" alt=\"\" \/>\t\t\t\t\t\t\t\t\t\t\t\t\t\t\t<\/div>\n\t\t\t\t<\/div>\n\t\t\t\t<div class=\"elementor-element elementor-element-26885161 elementor-widget elementor-widget-spacer\" data-id=\"26885161\" data-element_type=\"widget\" data-widget_type=\"spacer.default\">\n\t\t\t\t<div class=\"elementor-widget-container\">\n\t\t\t\t\t\t\t<div class=\"elementor-spacer\">\n\t\t\t<div class=\"elementor-spacer-inner\"><\/div>\n\t\t<\/div>\n\t\t\t\t\t\t<\/div>\n\t\t\t\t<\/div>\n\t\t\t\t<div class=\"elementor-element elementor-element-20e0b6f4 elementor-widget elementor-widget-text-editor\" data-id=\"20e0b6f4\" data-element_type=\"widget\" data-widget_type=\"text-editor.default\">\n\t\t\t\t<div class=\"elementor-widget-container\">\n\t\t\t\t\t\t\t\t\t<p>Este edificio es \u00fanico y singular en la comarca de la Comunidad de Calatayud por su inter\u00e9s art\u00edstico y el uso que tuvo a lo largo del tiempo. Se utiliz\u00f3 como <b>albergue<\/b> de peregrinos que ven\u00edan a venerar las reliquias de San Mill\u00e1n y como <b>hospital<\/b> para enfermos pobres y transe\u00fantes.<\/p><p>Construido hacia el a\u00f1o 1544, es un edificio de mamposter\u00eda y sillar en su fachada, y de tapial en el resto. De apariencia tosca en el exterior, su interior constituye una sorpresa por el esbelto patio interior a modo de claustro. El patio es de estilo g\u00f3tico-renacentista con clara influencia castellana. Las columnas de la planta baja son de estilo toscano, mientras que las del piso superior presentan yeser\u00edas en zigzag, estriadas y a rombos. Adem\u00e1s, tiene hermosos relieves como ornato decorativo en los cuatro \u00e1ngulos del patio.<\/p><p><b>La Casa de San Mill\u00e1n<\/b> ten\u00eda un car\u00e1cter religioso-social y estaba unida a la parroquia. Los obispos de Tarazona ten\u00edan jurisdicci\u00f3n sobre ella y dictaban normas para su gobierno, que era ejercido por una Junta de Regidores compuesta por los alcaldes y p\u00e1rrocos de Berdejo y Torrelapaja, quienes nombraban cada a\u00f1o a dos mayordomos, uno de cada pueblo.<\/p><p>El santero ordenaba la vida diaria, acog\u00eda a peregrinos y atend\u00eda a pobres y enfermos. Ten\u00eda capell\u00e1n propio. El hospital y las fincas eran atendidos por un buen n\u00famero de sirvientes: cirujano, criadas, acemileros, pastores, cuidadores de cerdos, etc., hasta un total de doce personas en n\u00f3mina.<\/p><p>Con la Desamortizaci\u00f3n, perdi\u00f3 su car\u00e1cter religioso. Una parte del edificio qued\u00f3 como hospital y el resto fue destinado a viviendas para familias del pueblo, almacenes y otros usos.<\/p><p><b>La Casa de San Mill\u00e1n<\/b> ha albergado m\u00faltiples servicios sociales: escuela, tienda, peluquer\u00eda, fiestas, etc., era la casa de todos. Hoy est\u00e1 en ruinas.<\/p>\t\t\t\t\t\t\t\t<\/div>\n\t\t\t\t<\/div>\n\t\t\t\t\t<\/div>\n\t\t\t\t<\/div>\n\t\t\t\t<\/div>\n\t\t","protected":false},"excerpt":{"rendered":"<p>La Casa de San Mill\u00e1n Este edificio es \u00fanico y singular en la comarca de la Comunidad de Calatayud por su inter\u00e9s art\u00edstico y el uso que tuvo a lo largo del tiempo. Se utiliz\u00f3 como albergue de peregrinos que ven\u00edan a venerar las reliquias de San Mill\u00e1n y como hospital para enfermos pobres y transe\u00fantes. Construido hacia el a\u00f1o 1544, es un edificio de mamposter\u00eda y sillar en su fachada, y de tapial en el resto. De apariencia tosca [&hellip;]<\/p>\n","protected":false},"author":1,"featured_media":348,"parent":0,"menu_order":0,"comment_status":"closed","ping_status":"closed","template":"","meta":{"footnotes":""},"class_list":["post-547","page","type-page","status-publish","has-post-thumbnail","hentry"],"_links":{"self":[{"href":"https:\/\/asociacionculturalmalanca.com\/index.php?rest_route=\/wp\/v2\/pages\/547","targetHints":{"allow":["GET"]}}],"collection":[{"href":"https:\/\/asociacionculturalmalanca.com\/index.php?rest_route=\/wp\/v2\/pages"}],"about":[{"href":"https:\/\/asociacionculturalmalanca.com\/index.php?rest_route=\/wp\/v2\/types\/page"}],"author":[{"embeddable":true,"href":"https:\/\/asociacionculturalmalanca.com\/index.php?rest_route=\/wp\/v2\/users\/1"}],"replies":[{"embeddable":true,"href":"https:\/\/asociacionculturalmalanca.com\/index.php?rest_route=%2Fwp%2Fv2%2Fcomments&post=547"}],"version-history":[{"count":6,"href":"https:\/\/asociacionculturalmalanca.com\/index.php?rest_route=\/wp\/v2\/pages\/547\/revisions"}],"predecessor-version":[{"id":717,"href":"https:\/\/asociacionculturalmalanca.com\/index.php?rest_route=\/wp\/v2\/pages\/547\/revisions\/717"}],"wp:featuredmedia":[{"embeddable":true,"href":"https:\/\/asociacionculturalmalanca.com\/index.php?rest_route=\/wp\/v2\/media\/348"}],"wp:attachment":[{"href":"https:\/\/asociacionculturalmalanca.com\/index.php?rest_route=%2Fwp%2Fv2%2Fmedia&parent=547"}],"curies":[{"name":"wp","href":"https:\/\/api.w.org\/{rel}","templated":true}]}}