{"id":550,"date":"2025-03-22T18:15:07","date_gmt":"2025-03-22T18:15:07","guid":{"rendered":"https:\/\/asociacionculturalmalanca.com\/?page_id=550"},"modified":"2025-03-23T08:29:51","modified_gmt":"2025-03-23T08:29:51","slug":"capilla-virgen-de-malanca","status":"publish","type":"page","link":"https:\/\/asociacionculturalmalanca.com\/?page_id=550","title":{"rendered":"Capilla Virgen de Malanca"},"content":{"rendered":"\t\t<div data-elementor-type=\"wp-page\" data-elementor-id=\"550\" class=\"elementor elementor-550\">\n\t\t\t\t<div class=\"elementor-element elementor-element-f6a7a30 e-flex e-con-boxed e-con e-parent\" data-id=\"f6a7a30\" data-element_type=\"container\">\n\t\t\t\t\t<div class=\"e-con-inner\">\n\t\t\t\t<div class=\"elementor-element elementor-element-e9da512 elementor-widget elementor-widget-spacer\" data-id=\"e9da512\" data-element_type=\"widget\" data-widget_type=\"spacer.default\">\n\t\t\t\t<div class=\"elementor-widget-container\">\n\t\t\t\t\t\t\t<div class=\"elementor-spacer\">\n\t\t\t<div class=\"elementor-spacer-inner\"><\/div>\n\t\t<\/div>\n\t\t\t\t\t\t<\/div>\n\t\t\t\t<\/div>\n\t\t\t\t<div class=\"elementor-element elementor-element-1de9544 elementor-widget elementor-widget-heading\" data-id=\"1de9544\" data-element_type=\"widget\" data-widget_type=\"heading.default\">\n\t\t\t\t<div class=\"elementor-widget-container\">\n\t\t\t\t\t<h2 class=\"elementor-heading-title elementor-size-default\">La Capilla Virgen de Malanca<\/h2>\t\t\t\t<\/div>\n\t\t\t\t<\/div>\n\t\t\t\t<div class=\"elementor-element elementor-element-6daa300 elementor-widget elementor-widget-spacer\" data-id=\"6daa300\" data-element_type=\"widget\" data-widget_type=\"spacer.default\">\n\t\t\t\t<div class=\"elementor-widget-container\">\n\t\t\t\t\t\t\t<div class=\"elementor-spacer\">\n\t\t\t<div class=\"elementor-spacer-inner\"><\/div>\n\t\t<\/div>\n\t\t\t\t\t\t<\/div>\n\t\t\t\t<\/div>\n\t\t\t\t<div class=\"elementor-element elementor-element-d236831 elementor-widget elementor-widget-ucaddon_uc_image_default_theme\" data-id=\"d236831\" data-element_type=\"widget\" data-widget_type=\"ucaddon_uc_image_default_theme.default\">\n\t\t\t\t<div class=\"elementor-widget-container\">\n\t\t\t\t\t\n<!-- start Thumbnail Gallery -->\n\t\t<link id='unitegallery-css' href='https:\/\/asociacionculturalmalanca.com\/wp-content\/plugins\/unlimited-elements-for-elementor-premium\/assets_libraries\/unitegallery\/css\/unite-gallery.css' type='text\/css' rel='stylesheet' >\n\t\t<link id='uc_ac_assets_file_ug_theme_default_css_3038-css' href='https:\/\/asociacionculturalmalanca.com\/wp-content\/uploads\/ac_assets\/uc_image_default_theme\/ug-theme-default.css' type='text\/css' rel='stylesheet' >\n\n\n<div id=\"uc_uc_image_default_theme_elementor_d236831\" class=\"uc-items-wrapper  \" style=\"display:none; margin:0 auto;\"  data-remote-type=\"gallery\" data-custom-sethtml=\"true\" >\n\n\n<img decoding=\"async\" alt=\"Israel Luri Terres\"\n   src=\"https:\/\/asociacionculturalmalanca.com\/wp-content\/uploads\/2024\/11\/capilla-virgen-malanca-002.jpg\"\n    data-image=\"https:\/\/asociacionculturalmalanca.com\/wp-content\/uploads\/2024\/11\/capilla-virgen-malanca-002.jpg\"\n    data-title=\"Israel Luri Terres\">\n\n<img decoding=\"async\" alt=\"Israel Luri Terres\"\n   src=\"https:\/\/asociacionculturalmalanca.com\/wp-content\/uploads\/2024\/11\/capilla-virgen-malanca-003.jpg\"\n    data-image=\"https:\/\/asociacionculturalmalanca.com\/wp-content\/uploads\/2024\/11\/capilla-virgen-malanca-003.jpg\"\n    data-title=\"Israel Luri Terres\">\n\n<img decoding=\"async\" alt=\"Israel Luri Terres\"\n   src=\"https:\/\/asociacionculturalmalanca.com\/wp-content\/uploads\/2024\/11\/capilla-virgen-malanca-004.jpg\"\n    data-image=\"https:\/\/asociacionculturalmalanca.com\/wp-content\/uploads\/2024\/11\/capilla-virgen-malanca-004.jpg\"\n    data-title=\"Israel Luri Terres\">\n\n<img decoding=\"async\" alt=\"Israel Luri Terres\"\n   src=\"https:\/\/asociacionculturalmalanca.com\/wp-content\/uploads\/2024\/11\/capilla-virgen-malanca-001.jpg\"\n    data-image=\"https:\/\/asociacionculturalmalanca.com\/wp-content\/uploads\/2024\/11\/capilla-virgen-malanca-001.jpg\"\n    data-title=\"Israel Luri Terres\">\n\n<img decoding=\"async\" alt=\"Israel Luri Terres\"\n   src=\"https:\/\/asociacionculturalmalanca.com\/wp-content\/uploads\/2024\/11\/capilla-virgen-malanca-005.jpg\"\n    data-image=\"https:\/\/asociacionculturalmalanca.com\/wp-content\/uploads\/2024\/11\/capilla-virgen-malanca-005.jpg\"\n    data-title=\"Israel Luri Terres\">\n\n<img decoding=\"async\" alt=\"Israel Luri Terres\"\n   src=\"https:\/\/asociacionculturalmalanca.com\/wp-content\/uploads\/2024\/11\/capilla-virgen-malanca-006.jpg\"\n    data-image=\"https:\/\/asociacionculturalmalanca.com\/wp-content\/uploads\/2024\/11\/capilla-virgen-malanca-006.jpg\"\n    data-title=\"Israel Luri Terres\">\n\n<img decoding=\"async\" alt=\"Israel Luri Terres\"\n   src=\"https:\/\/asociacionculturalmalanca.com\/wp-content\/uploads\/2024\/11\/capilla-virgen-malanca-008.jpg\"\n    data-image=\"https:\/\/asociacionculturalmalanca.com\/wp-content\/uploads\/2024\/11\/capilla-virgen-malanca-008.jpg\"\n    data-title=\"Israel Luri Terres\">\n\n<img decoding=\"async\" alt=\"Israel Luri Terres\"\n   src=\"https:\/\/asociacionculturalmalanca.com\/wp-content\/uploads\/2024\/11\/capilla-virgen-malanca-007.jpg\"\n    data-image=\"https:\/\/asociacionculturalmalanca.com\/wp-content\/uploads\/2024\/11\/capilla-virgen-malanca-007.jpg\"\n    data-title=\"Israel Luri Terres\">\n\n<img decoding=\"async\" alt=\"Israel Luri Terres\"\n   src=\"https:\/\/asociacionculturalmalanca.com\/wp-content\/uploads\/2024\/11\/capilla-virgen-malanca-009.jpg\"\n    data-image=\"https:\/\/asociacionculturalmalanca.com\/wp-content\/uploads\/2024\/11\/capilla-virgen-malanca-009.jpg\"\n    data-title=\"Israel Luri Terres\">\n\n<img decoding=\"async\" alt=\"Israel Luri Terres\"\n   src=\"https:\/\/asociacionculturalmalanca.com\/wp-content\/uploads\/2024\/11\/capilla-virgen-malanca-010.jpg\"\n    data-image=\"https:\/\/asociacionculturalmalanca.com\/wp-content\/uploads\/2024\/11\/capilla-virgen-malanca-010.jpg\"\n    data-title=\"Israel Luri Terres\">\n\n<img decoding=\"async\" alt=\"Israel Luri Terres\"\n   src=\"https:\/\/asociacionculturalmalanca.com\/wp-content\/uploads\/2024\/11\/capilla-virgen-malanca-011.jpg\"\n    data-image=\"https:\/\/asociacionculturalmalanca.com\/wp-content\/uploads\/2024\/11\/capilla-virgen-malanca-011.jpg\"\n    data-title=\"Israel Luri Terres\">\n\n<img decoding=\"async\" alt=\"Israel Luri Terres\"\n   src=\"https:\/\/asociacionculturalmalanca.com\/wp-content\/uploads\/2024\/11\/capilla-virgen-malanca-013.jpg\"\n    data-image=\"https:\/\/asociacionculturalmalanca.com\/wp-content\/uploads\/2024\/11\/capilla-virgen-malanca-013.jpg\"\n    data-title=\"Israel Luri Terres\">\n\n<img decoding=\"async\" alt=\"Israel Luri Terres\"\n   src=\"https:\/\/asociacionculturalmalanca.com\/wp-content\/uploads\/2024\/11\/capilla-virgen-malanca-012.jpg\"\n    data-image=\"https:\/\/asociacionculturalmalanca.com\/wp-content\/uploads\/2024\/11\/capilla-virgen-malanca-012.jpg\"\n    data-title=\"Israel Luri Terres\">\n\n<img decoding=\"async\" alt=\"Israel Luri Terres\"\n   src=\"https:\/\/asociacionculturalmalanca.com\/wp-content\/uploads\/2024\/11\/capilla-virgen-malanca-014.jpg\"\n    data-image=\"https:\/\/asociacionculturalmalanca.com\/wp-content\/uploads\/2024\/11\/capilla-virgen-malanca-014.jpg\"\n    data-title=\"Israel Luri Terres\">\n\n<img decoding=\"async\" alt=\"Israel Luri Terres\"\n   src=\"https:\/\/asociacionculturalmalanca.com\/wp-content\/uploads\/2024\/11\/capilla-virgen-malanca-015.jpg\"\n    data-image=\"https:\/\/asociacionculturalmalanca.com\/wp-content\/uploads\/2024\/11\/capilla-virgen-malanca-015.jpg\"\n    data-title=\"Israel Luri Terres\">\n\n<img decoding=\"async\" alt=\"Israel Luri Terres\"\n   src=\"https:\/\/asociacionculturalmalanca.com\/wp-content\/uploads\/2024\/11\/capilla-virgen-malanca-016.jpg\"\n    data-image=\"https:\/\/asociacionculturalmalanca.com\/wp-content\/uploads\/2024\/11\/capilla-virgen-malanca-016.jpg\"\n    data-title=\"Israel Luri Terres\">\n\n  \n<\/div>\n<!-- end Thumbnail Gallery -->\t\t\t\t<\/div>\n\t\t\t\t<\/div>\n\t\t\t\t<div class=\"elementor-element elementor-element-7604d75 elementor-widget elementor-widget-spacer\" data-id=\"7604d75\" data-element_type=\"widget\" data-widget_type=\"spacer.default\">\n\t\t\t\t<div class=\"elementor-widget-container\">\n\t\t\t\t\t\t\t<div class=\"elementor-spacer\">\n\t\t\t<div class=\"elementor-spacer-inner\"><\/div>\n\t\t<\/div>\n\t\t\t\t\t\t<\/div>\n\t\t\t\t<\/div>\n\t\t\t\t<div class=\"elementor-element elementor-element-dc3b768 elementor-widget elementor-widget-text-editor\" data-id=\"dc3b768\" data-element_type=\"widget\" data-widget_type=\"text-editor.default\">\n\t\t\t\t<div class=\"elementor-widget-container\">\n\t\t\t\t\t\t\t\t\t<h5><strong>Retablos:<\/strong><\/h5><p>Retablo Mayor Barroco (s. XVII)<br \/><br \/>Consta de tres calles separadas por columnas salom\u00f3nicas. Preside la imagen de San Mill\u00e1n en actitud de bendecir. En el \u00e1tico, un calvario. En las calles laterales, San Juan Bautista y San Juan Evangelista.<\/p><h5><strong>Retablos laterales:<\/strong><\/h5><p>\u2022Nuestra Se\u00f1ora del Pilar, madera sin policromar, s. XVIII<\/p><p>\u2022Capilla de la Virgen del Rosario, s. XVI<\/p><p>\u2022San Ant\u00f3n, pintura popular, s. XVIII<\/p><p>\u2022Capilla del Santo Cristo, s. XVIII<\/p><h5><strong>Iglesia Parroquial<\/strong><\/h5><p>La Parroquia tiene como titular a San Mill\u00e1n, como no pod\u00eda ser de otro modo al ser \u00e9ste su hijo m\u00e1s preclaro y famoso. El edificio actual responde al menos a tres \u00e9pocas de construcci\u00f3n, siendo la parte m\u00e1s antigua la que corresponde al presbiterio.<\/p><p>El cuerpo principal de la iglesia, de piedra sillar y mamposter\u00eda, es una ampliaci\u00f3n (1569) de la construcci\u00f3n defensiva de frontera que, junto con la torre, mand\u00f3 levantar el rey de Arag\u00f3n en 1459 para defender su reino de los ataques de Castilla.<\/p><p>El interior, de una sola nave, presenta una b\u00f3veda estrellada de estilo g\u00f3tico tard\u00edo. El presbiterio est\u00e1 coronado por una c\u00fapula de media naranja profusamente decorada con yeser\u00edas.<\/p><h5><strong>Reliquias de San Mill\u00e1n<\/strong><\/h5><p>En el retablo mayor se conservan y veneran la mayor parte de las reliquias de San Mill\u00e1n y las de otros santos que el Rey Don Juan II de Arag\u00f3n don\u00f3 a esta iglesia en 1459 para ennoblecer este peque\u00f1o santuario. La devoci\u00f3n y culto de San Mill\u00e1n fue centro de peregrinaciones durante siglos.<\/p><h5><strong>Capilla Virgen de Malanca<\/strong><\/h5><p>Adosada a la cabecera de la iglesia, contemplamos la hermosa capilla de la Virgen de Malanca, decorada profusamente en la totalidad de sus muros y b\u00f3vedas. Es la m\u00e1s llamativa y espectacular de toda la comarca. Seg\u00fan la tradici\u00f3n, en el siglo V, San Mill\u00e1n erigi\u00f3 en este sitio una peque\u00f1a capilla u oratorio en honor de la Virgen de Malanca, que durante siglos fue la iglesia del Lugar y en ella depositaron las reliquias del santo, tra\u00eddas de la Cogolla en La Rioja.<\/p><p>En 1459, el Rey de Arag\u00f3n, Don Juan II, mand\u00f3 levantar una peque\u00f1a iglesia fortaleza y la torre de defensa que hoy sirve de campanario, y a ella trasladaron los restos de San Mill\u00e1n, que hasta entonces hab\u00edan estado guardados bajo tierra en la capilla de la Virgen de Malanca.<\/p><p>En 1723, la devoci\u00f3n del pueblo de Torrelapaja levant\u00f3 esta suntuosa capilla en honor de la Sant\u00edsima Virgen de Malanca, su patrona. La hermosa azulejer\u00eda del suelo y arrimaderos que hoy admiramos fueron hechos en cer\u00e1mica vidriada de Muel y colocados en 1766. Hay un proyecto de restaurar todo el suelo, que est\u00e1 muy deteriorado.<\/p><h5><strong>El retablo<\/strong><\/h5><p>Es barroco, en madera dorada. Se hizo y se termin\u00f3 de colocar el d\u00eda de S\u00e1bado Santo de 1729. Lo acab\u00f3 de dorar Juan Morales el Joven en 1740.<\/p><p>Preside el retablo la imagen de la Virgen de Malanca en una hornacina de cristales. En el retablo est\u00e1n los santos San Jos\u00e9, San Ram\u00f3n Nonato y San Roque.<\/p>\t\t\t\t\t\t\t\t<\/div>\n\t\t\t\t<\/div>\n\t\t\t\t\t<\/div>\n\t\t\t\t<\/div>\n\t\t\t\t<\/div>\n\t\t","protected":false},"excerpt":{"rendered":"<p>La Capilla Virgen de Malanca Retablos: Retablo Mayor Barroco (s. XVII) Consta de tres calles separadas por columnas salom\u00f3nicas. Preside la imagen de San Mill\u00e1n en actitud de bendecir. En el \u00e1tico, un calvario. En las calles laterales, San Juan Bautista y San Juan Evangelista. Retablos laterales: \u2022Nuestra Se\u00f1ora del Pilar, madera sin policromar, s. XVIII \u2022Capilla de la Virgen del Rosario, s. XVI \u2022San Ant\u00f3n, pintura popular, s. XVIII \u2022Capilla del Santo Cristo, s. XVIII Iglesia Parroquial La Parroquia [&hellip;]<\/p>\n","protected":false},"author":1,"featured_media":0,"parent":0,"menu_order":0,"comment_status":"closed","ping_status":"closed","template":"","meta":{"footnotes":""},"class_list":["post-550","page","type-page","status-publish","hentry"],"_links":{"self":[{"href":"https:\/\/asociacionculturalmalanca.com\/index.php?rest_route=\/wp\/v2\/pages\/550","targetHints":{"allow":["GET"]}}],"collection":[{"href":"https:\/\/asociacionculturalmalanca.com\/index.php?rest_route=\/wp\/v2\/pages"}],"about":[{"href":"https:\/\/asociacionculturalmalanca.com\/index.php?rest_route=\/wp\/v2\/types\/page"}],"author":[{"embeddable":true,"href":"https:\/\/asociacionculturalmalanca.com\/index.php?rest_route=\/wp\/v2\/users\/1"}],"replies":[{"embeddable":true,"href":"https:\/\/asociacionculturalmalanca.com\/index.php?rest_route=%2Fwp%2Fv2%2Fcomments&post=550"}],"version-history":[{"count":28,"href":"https:\/\/asociacionculturalmalanca.com\/index.php?rest_route=\/wp\/v2\/pages\/550\/revisions"}],"predecessor-version":[{"id":709,"href":"https:\/\/asociacionculturalmalanca.com\/index.php?rest_route=\/wp\/v2\/pages\/550\/revisions\/709"}],"wp:attachment":[{"href":"https:\/\/asociacionculturalmalanca.com\/index.php?rest_route=%2Fwp%2Fv2%2Fmedia&parent=550"}],"curies":[{"name":"wp","href":"https:\/\/api.w.org\/{rel}","templated":true}]}}