{"id":653,"date":"2025-03-22T20:11:50","date_gmt":"2025-03-22T20:11:50","guid":{"rendered":"https:\/\/asociacionculturalmalanca.com\/?page_id=653"},"modified":"2025-03-22T20:17:19","modified_gmt":"2025-03-22T20:17:19","slug":"actividades-y-noticias","status":"publish","type":"page","link":"https:\/\/asociacionculturalmalanca.com\/?page_id=653","title":{"rendered":"Actividades y Noticias"},"content":{"rendered":"\t\t<div data-elementor-type=\"wp-page\" data-elementor-id=\"653\" class=\"elementor elementor-653\">\n\t\t\t\t<div class=\"elementor-element elementor-element-9d96399 e-flex e-con-boxed e-con e-parent\" data-id=\"9d96399\" data-element_type=\"container\">\n\t\t\t\t\t<div class=\"e-con-inner\">\n\t\t\t\t<div class=\"elementor-element elementor-element-ed2fe97 elementor-widget elementor-widget-spacer\" data-id=\"ed2fe97\" data-element_type=\"widget\" data-widget_type=\"spacer.default\">\n\t\t\t\t<div class=\"elementor-widget-container\">\n\t\t\t\t\t\t\t<div class=\"elementor-spacer\">\n\t\t\t<div class=\"elementor-spacer-inner\"><\/div>\n\t\t<\/div>\n\t\t\t\t\t\t<\/div>\n\t\t\t\t<\/div>\n\t\t\t\t<div class=\"elementor-element elementor-element-3d651f2 elementor-widget elementor-widget-heading\" data-id=\"3d651f2\" data-element_type=\"widget\" data-widget_type=\"heading.default\">\n\t\t\t\t<div class=\"elementor-widget-container\">\n\t\t\t\t\t<h4 class=\"elementor-heading-title elementor-size-default\">Categor\u00eda: Actividades y Noticias<\/h4>\t\t\t\t<\/div>\n\t\t\t\t<\/div>\n\t\t\t\t<div class=\"elementor-element elementor-element-1165f51 elementor-widget elementor-widget-text-editor\" data-id=\"1165f51\" data-element_type=\"widget\" data-widget_type=\"text-editor.default\">\n\t\t\t\t<div class=\"elementor-widget-container\">\n\t\t\t\t\t\t\t\t\t<p class=\"s2\">En esta categor\u00eda figuran las actividades relativas a las fiestas, que ya sean de tipo religioso, como las fiestas en honor a la Virgen de Malanca, patrona del pueblo, a San Mill\u00e1n, hijo y patrono de Torrelapaja y Berdejo y las festividades relativas a la Semana Santa. O de tipo cultural y gastron\u00f3mico, ya que figura en este apartado el d\u00eda de la Asociaci\u00f3n Cultural Malanca, jornada en la que como acto principal <a name=\"_GoBack\"><\/a>se realiza una comida con los miembros y amigos de la Asociaci\u00f3n, adem\u00e1s, se realizan actos culturales y otros varios de \u00edndole l\u00fadico festiva.<\/p><p class=\"s2\">Todas y cada una de ellas son seguidas con un mayoritario apoyo popular de manera que son unos d\u00edas entra\u00f1ables al encontrarnos con familiares y amigos.<\/p>\t\t\t\t\t\t\t\t<\/div>\n\t\t\t\t<\/div>\n\t\t\t\t\t<\/div>\n\t\t\t\t<\/div>\n\t\t<div class=\"elementor-element elementor-element-3a87e90 e-flex e-con-boxed e-con e-parent\" data-id=\"3a87e90\" data-element_type=\"container\">\n\t\t\t\t\t<div class=\"e-con-inner\">\n\t\t\t\t<div class=\"elementor-element elementor-element-1b06b19 elementor-widget elementor-widget-spacer\" data-id=\"1b06b19\" data-element_type=\"widget\" data-widget_type=\"spacer.default\">\n\t\t\t\t<div class=\"elementor-widget-container\">\n\t\t\t\t\t\t\t<div class=\"elementor-spacer\">\n\t\t\t<div class=\"elementor-spacer-inner\"><\/div>\n\t\t<\/div>\n\t\t\t\t\t\t<\/div>\n\t\t\t\t<\/div>\n\t\t\t\t<div class=\"elementor-element elementor-element-212b72a elementor-widget elementor-widget-ucaddon_post_grid\" data-id=\"212b72a\" data-element_type=\"widget\" data-widget_type=\"ucaddon_post_grid.default\">\n\t\t\t\t<div class=\"elementor-widget-container\">\n\t\t\t\t\t\n<!-- start Post Grid -->\n\t\t<link id='font-awesome-css' href='https:\/\/asociacionculturalmalanca.com\/wp-content\/plugins\/unlimited-elements-for-elementor-premium\/assets_libraries\/font-awesome6\/fontawesome-all.min.css' type='text\/css' rel='stylesheet' >\n\t\t<link id='font-awesome-4-shim-css' href='https:\/\/asociacionculturalmalanca.com\/wp-content\/plugins\/unlimited-elements-for-elementor-premium\/assets_libraries\/font-awesome6\/fontawesome-v4-shims.min.css' type='text\/css' rel='stylesheet' >\n\n<style>\/* widget: Post Grid *\/\n\n\n\n#uc_post_grid_elementor_212b72a{\n  min-height: 1px;\n}\n\n#uc_post_grid_elementor_212b72a.uc_post_grid_style_one .uc_post_grid_style_one_wrap {\n   display:grid;\n}\n\n\n#uc_post_grid_elementor_212b72a .uc_post_grid_style_one_item{\n  position:relative;\n}\n\n#uc_post_grid_elementor_212b72a .uc_post_image{\n  transition:0.3s;\n  position:relative;\n  overflow:hidden;\n}\n\n#uc_post_grid_elementor_212b72a .uc_post_image img{\n  width:100%;\n  display:block;\n  transition:0.3s;\n}\n\n\t#uc_post_grid_elementor_212b72a .ue-item:hover .uc_post_image img    {\n      transform:scale(1.1,1.1);\n    }\n\t\n\n#uc_post_grid_elementor_212b72a .uc_post_image_overlay{\n  position:absolute;\n  top:0px;\n  left:0px;\n  height:100%;\n  width:100%;\n  transition:0.3s;\n}\n\n#uc_post_grid_elementor_212b72a .uc_more_btn-custom-field{\n  display:inline-block;\n  text-align:center;\n  text-decoration:none;\n  transition:0.3s;\n}\n\n#uc_post_grid_elementor_212b72a .uc_more_btn{\n  display:inline-block;\n  text-align:center;\n  text-decoration:none;\n  transition:0.3s;\n}\n\n.ue-grid-item-category a{\n  display:inline-block;\n  font-size:10px;\n  position: relative;\n  z-index: 1;\n}\n\n\n.uc_post_title{\n  font-size:21px;\n}\n\n\n\n  #uc_post_grid_elementor_212b72a .ue_post_grid_item{\n    display:flex;\n    flex-direction:column;\n  }\n\n  #uc_post_grid_elementor_212b72a.uc_post_grid_style_one .uc_content{\n   flex-grow:1;\n  }\n\n  #uc_post_grid_elementor_212b72a.uc_post_grid_style_one .uc_content > div{\n    height:100%;\n    display:flex;\n    flex-direction:column;\n    justify-content: space-between;  }\n\n    #uc_post_grid_elementor_212b72a .uc_post_button   {\n     margin-top:auto;\n   }\n  \n\n\n\n\n\n\n\n\n\n\n\n\n#uc_post_grid_elementor_212b72a .ue-meta-data{  \n  display:flex !important;\n  flex-wrap: wrap;\n  line-height:1em;\n}\n\n#uc_post_grid_elementor_212b72a .ue-grid-item-meta-data{\n  display:inline-flex;\n  align-items:center;\n}\n\n#uc_post_grid_elementor_212b72a .ue-grid-item-meta-data a{\n  color:inherit;\n}\n\n.ue-grid-item-meta-data{\n  font-size:12px;\n}\n\n#uc_post_grid_elementor_212b72a .ue-grid-item-meta-data-icon{\n  line-height:1em;\n}\n\n#uc_post_grid_elementor_212b72a .ue-grid-item-meta-data-icon svg{\n  width:1em;\n  height:1em;\n}\n\n#uc_post_grid_elementor_212b72a .ue-debug-meta{\n  padding:10px;\n  border:1px solid red;\n  position:relative;\n  line-height:1.5em;\n  font-size:11px;\n  width:100%;\n}\n\n#uc_post_grid_elementor_212b72a .uc_btn_inner{\n  display:inline-flex;\n  align-items:center;\n}\n\n#uc_post_grid_elementor_212b72a .uc_btn_inner svg{\n  width:1em;\n  height:1em;\n}\n\n\n\n#uc_post_grid_elementor_212b72a .uc_content_inner{\n  width: 100%;\n}\n\n\n#uc_post_grid_elementor_212b72a_item1 [href=\"javascript:void(0)\"]{\n  cursor: unset;\n}\n\n\n#uc_post_grid_elementor_212b72a_item2 [href=\"javascript:void(0)\"]{\n  cursor: unset;\n}\n\n\n#uc_post_grid_elementor_212b72a_item3 [href=\"javascript:void(0)\"]{\n  cursor: unset;\n}\n\n\n#uc_post_grid_elementor_212b72a_item4 [href=\"javascript:void(0)\"]{\n  cursor: unset;\n}\n\n\n<\/style>\n\n<div class=\"uc_post_grid_style_one \" id=\"uc_post_grid_elementor_212b72a\"  >\n\t\t<div class=\"uc_post_grid_style_one_wrap ue_post_grid uc-items-wrapper\">\n\t\t\t\n\n\n\n<div id=\"uc_post_grid_elementor_212b72a_item1\" class=\"uc_post_grid_style_one_item ue_post_grid_item ue-item \">\n  \n      <a class=\"uc_post_grid_style_one_image \" href='https:\/\/asociacionculturalmalanca.com\/?p=391' target=\"_self\">\n     <div class=\"uc_post_image\">\n       <img loading=\"lazy\" decoding=\"async\" src=\"https:\/\/asociacionculturalmalanca.com\/wp-content\/uploads\/2024\/11\/actividades-torrelapaja-verano-2024.jpg\"  src=\"https:\/\/asociacionculturalmalanca.com\/wp-content\/uploads\/2024\/11\/actividades-torrelapaja-verano-2024.jpg\" alt=\"actividades-torrelapaja-verano-2024\" width=\"1190\" height=\"1682\">\n       <div class=\"uc_post_image_overlay\"><\/div>\n     <\/div>\n    <\/a>\n   \n  <div class=\"uc_content\">\n    <div class=\"uc_content_inner\">\n      <div class=\"uc_content-info-wrapper\" >\n        \n       \n              \n\n            \t\t\t<div class=\"uc_post_title\"><a class=\"\" href='https:\/\/asociacionculturalmalanca.com\/?p=391' target=\"_self\"><div class=\"ue_p_title\">Actividades Verano 2024<\/div><\/a><\/div>\n      \t\n                      \n       \n        <div class=\"ue-meta-data\">\n            \n    <div class=\"ue-grid-item-meta-data\"><span class=\"ue-grid-item-meta-data-icon\"><i class='fas fa-calendar-week'><\/i><\/span>  noviembre 8, 2024<\/div>            \t    \n                \n        \n\t\n                \n                \n                \n                \n    \t\t\t\n      \n            \n  <\/div>\t\n      \t<div class=\"uc_post_text\"><\/div>\n     \n                 \n                            \n                                  \n     <\/div>                      \n           <div class=\"uc_post_button\">\n        \n        <a class=\"uc_more_btn \" target=\"_self\" href='https:\/\/asociacionculturalmalanca.com\/?p=391'>\n          <div class=\"uc_btn_inner\">\n            <div class=\"uc_btn_txt\">Leer mas<\/div>\n                      <\/div>\n      \t<\/a>\n        \n                \n      <\/div>                           \n \t<\/div>  <\/div>      \n        \n<\/div>\n\n\n\n\n<div id=\"uc_post_grid_elementor_212b72a_item2\" class=\"uc_post_grid_style_one_item ue_post_grid_item ue-item \">\n  \n      <a class=\"uc_post_grid_style_one_image \" href='https:\/\/asociacionculturalmalanca.com\/?p=387' target=\"_self\">\n     <div class=\"uc_post_image\">\n       <img loading=\"lazy\" decoding=\"async\" src=\"https:\/\/asociacionculturalmalanca.com\/wp-content\/uploads\/2024\/10\/DSC4522-dng_DxO_DeepPRIME.jpg\"  src=\"https:\/\/asociacionculturalmalanca.com\/wp-content\/uploads\/2024\/10\/DSC4522-dng_DxO_DeepPRIME.jpg\" alt=\"_DSC4522-dng_DxO_DeepPRIME\" width=\"1620\" height=\"1080\">\n       <div class=\"uc_post_image_overlay\"><\/div>\n     <\/div>\n    <\/a>\n   \n  <div class=\"uc_content\">\n    <div class=\"uc_content_inner\">\n      <div class=\"uc_content-info-wrapper\" >\n        \n       \n              \n\n            \t\t\t<div class=\"uc_post_title\"><a class=\"\" href='https:\/\/asociacionculturalmalanca.com\/?p=387' target=\"_self\"><div class=\"ue_p_title\">Carta comida San Millan 2024<\/div><\/a><\/div>\n      \t\n                      \n       \n        <div class=\"ue-meta-data\">\n            \n    <div class=\"ue-grid-item-meta-data\"><span class=\"ue-grid-item-meta-data-icon\"><i class='fas fa-calendar-week'><\/i><\/span>  octubre 10, 2024<\/div>            \t    \n                \n        \n\t\n                \n                \n                \n                \n    \t\t\t\n      \n            \n  <\/div>\t\n      \t<div class=\"uc_post_text\">\u00a1Vuelve la Fiesta de San Mill\u00e1n a Torrelapaja! <\/div>\n     \n                 \n                            \n                                  \n     <\/div>                      \n           <div class=\"uc_post_button\">\n        \n        <a class=\"uc_more_btn \" target=\"_self\" href='https:\/\/asociacionculturalmalanca.com\/?p=387'>\n          <div class=\"uc_btn_inner\">\n            <div class=\"uc_btn_txt\">Leer mas<\/div>\n                      <\/div>\n      \t<\/a>\n        \n                \n      <\/div>                           \n \t<\/div>  <\/div>      \n        \n<\/div>\n\n\n\n\n<div id=\"uc_post_grid_elementor_212b72a_item3\" class=\"uc_post_grid_style_one_item ue_post_grid_item ue-item \">\n  \n      <a class=\"uc_post_grid_style_one_image \" href='https:\/\/asociacionculturalmalanca.com\/?p=83' target=\"_self\">\n     <div class=\"uc_post_image\">\n       <img loading=\"lazy\" decoding=\"async\" src=\"https:\/\/asociacionculturalmalanca.com\/wp-content\/uploads\/2024\/11\/Expo-fotos-antiguas-002.jpg\"  src=\"https:\/\/asociacionculturalmalanca.com\/wp-content\/uploads\/2024\/11\/Expo-fotos-antiguas-002.jpg\" alt=\"Israel Luri Terres\" width=\"1624\" height=\"1080\">\n       <div class=\"uc_post_image_overlay\"><\/div>\n     <\/div>\n    <\/a>\n   \n  <div class=\"uc_content\">\n    <div class=\"uc_content_inner\">\n      <div class=\"uc_content-info-wrapper\" >\n        \n       \n              \n\n            \t\t\t<div class=\"uc_post_title\"><a class=\"\" href='https:\/\/asociacionculturalmalanca.com\/?p=83' target=\"_self\"><div class=\"ue_p_title\">Exposici\u00f3n de Fotos Antiguas<\/div><\/a><\/div>\n      \t\n                      \n       \n        <div class=\"ue-meta-data\">\n            \n    <div class=\"ue-grid-item-meta-data\"><span class=\"ue-grid-item-meta-data-icon\"><i class='fas fa-calendar-week'><\/i><\/span>  noviembre 2, 2005<\/div>            \t    \n                \n        \n\t\n                \n                \n                \n                \n    \t\t\t\n      \n            \n  <\/div>\t\n      \t<div class=\"uc_post_text\">Exposici\u00f3n \u201cFotos Antiguas\u201d \u2013 Un viaje al pasado de Torrelapaja<\/div>\n     \n                 \n                            \n                                  \n     <\/div>                      \n           <div class=\"uc_post_button\">\n        \n        <a class=\"uc_more_btn \" target=\"_self\" href='https:\/\/asociacionculturalmalanca.com\/?p=83'>\n          <div class=\"uc_btn_inner\">\n            <div class=\"uc_btn_txt\">Leer mas<\/div>\n                      <\/div>\n      \t<\/a>\n        \n                \n      <\/div>                           \n \t<\/div>  <\/div>      \n        \n<\/div>\n\n\n\n\n<div id=\"uc_post_grid_elementor_212b72a_item4\" class=\"uc_post_grid_style_one_item ue_post_grid_item ue-item \">\n  \n      <a class=\"uc_post_grid_style_one_image \" href='https:\/\/asociacionculturalmalanca.com\/?p=606' target=\"_self\">\n     <div class=\"uc_post_image\">\n       <img loading=\"lazy\" decoding=\"async\" src=\"https:\/\/asociacionculturalmalanca.com\/wp-content\/uploads\/2025\/03\/Subasta-palos-Virgen_SRG2006.jpg\"  src=\"https:\/\/asociacionculturalmalanca.com\/wp-content\/uploads\/2025\/03\/Subasta-palos-Virgen_SRG2006.jpg\" alt=\"Subasta palos Virgen_SRG2006\" width=\"1618\" height=\"1080\">\n       <div class=\"uc_post_image_overlay\"><\/div>\n     <\/div>\n    <\/a>\n   \n  <div class=\"uc_content\">\n    <div class=\"uc_content_inner\">\n      <div class=\"uc_content-info-wrapper\" >\n        \n       \n              \n\n            \t\t\t<div class=\"uc_post_title\"><a class=\"\" href='https:\/\/asociacionculturalmalanca.com\/?p=606' target=\"_self\"><div class=\"ue_p_title\">Exposici\u00f3n Fotogr\u00e1fica: \u201c20 A\u00f1os de Fiestas en honor a la Virgen de Malanca\"<\/div><\/a><\/div>\n      \t\n                      \n       \n        <div class=\"ue-meta-data\">\n            \n    <div class=\"ue-grid-item-meta-data\"><span class=\"ue-grid-item-meta-data-icon\"><i class='fas fa-calendar-week'><\/i><\/span>  septiembre 1, 2000<\/div>            \t    \n                \n        \n\t\n                \n                \n                \n                \n    \t\t\t\n      \n            \n  <\/div>\t\n      \t<div class=\"uc_post_text\">En agosto de 2020, Las Escuelas se llenaron de nostalgia, alegr\u00eda y muchos recuerdos con la exposici\u00f3n...<\/div>\n     \n                 \n                            \n                                  \n     <\/div>                      \n           <div class=\"uc_post_button\">\n        \n        <a class=\"uc_more_btn \" target=\"_self\" href='https:\/\/asociacionculturalmalanca.com\/?p=606'>\n          <div class=\"uc_btn_inner\">\n            <div class=\"uc_btn_txt\">Leer mas<\/div>\n                      <\/div>\n      \t<\/a>\n        \n                \n      <\/div>                           \n \t<\/div>  <\/div>      \n        \n<\/div>\n\n\t\t<\/div>\n\t<\/div>\n\n\n\n<!-- end Post Grid -->\t\t\t\t<\/div>\n\t\t\t\t<\/div>\n\t\t\t\t<div class=\"elementor-element elementor-element-96858cf elementor-widget elementor-widget-spacer\" data-id=\"96858cf\" data-element_type=\"widget\" data-widget_type=\"spacer.default\">\n\t\t\t\t<div class=\"elementor-widget-container\">\n\t\t\t\t\t\t\t<div class=\"elementor-spacer\">\n\t\t\t<div class=\"elementor-spacer-inner\"><\/div>\n\t\t<\/div>\n\t\t\t\t\t\t<\/div>\n\t\t\t\t<\/div>\n\t\t\t\t\t<\/div>\n\t\t\t\t<\/div>\n\t\t\t\t<\/div>\n\t\t","protected":false},"excerpt":{"rendered":"<p>Categor\u00eda: Actividades y Noticias En esta categor\u00eda figuran las actividades relativas a las fiestas, que ya sean de tipo religioso, como las fiestas en honor a la Virgen de Malanca, patrona del pueblo, a San Mill\u00e1n, hijo y patrono de Torrelapaja y Berdejo y las festividades relativas a la Semana Santa. O de tipo cultural y gastron\u00f3mico, ya que figura en este apartado el d\u00eda de la Asociaci\u00f3n Cultural Malanca, jornada en la que como acto principal se realiza una [&hellip;]<\/p>\n","protected":false},"author":1,"featured_media":0,"parent":15,"menu_order":0,"comment_status":"closed","ping_status":"closed","template":"elementor_header_footer","meta":{"footnotes":""},"class_list":["post-653","page","type-page","status-publish","hentry"],"_links":{"self":[{"href":"https:\/\/asociacionculturalmalanca.com\/index.php?rest_route=\/wp\/v2\/pages\/653","targetHints":{"allow":["GET"]}}],"collection":[{"href":"https:\/\/asociacionculturalmalanca.com\/index.php?rest_route=\/wp\/v2\/pages"}],"about":[{"href":"https:\/\/asociacionculturalmalanca.com\/index.php?rest_route=\/wp\/v2\/types\/page"}],"author":[{"embeddable":true,"href":"https:\/\/asociacionculturalmalanca.com\/index.php?rest_route=\/wp\/v2\/users\/1"}],"replies":[{"embeddable":true,"href":"https:\/\/asociacionculturalmalanca.com\/index.php?rest_route=%2Fwp%2Fv2%2Fcomments&post=653"}],"version-history":[{"count":13,"href":"https:\/\/asociacionculturalmalanca.com\/index.php?rest_route=\/wp\/v2\/pages\/653\/revisions"}],"predecessor-version":[{"id":667,"href":"https:\/\/asociacionculturalmalanca.com\/index.php?rest_route=\/wp\/v2\/pages\/653\/revisions\/667"}],"up":[{"embeddable":true,"href":"https:\/\/asociacionculturalmalanca.com\/index.php?rest_route=\/wp\/v2\/pages\/15"}],"wp:attachment":[{"href":"https:\/\/asociacionculturalmalanca.com\/index.php?rest_route=%2Fwp%2Fv2%2Fmedia&parent=653"}],"curies":[{"name":"wp","href":"https:\/\/api.w.org\/{rel}","templated":true}]}}